{"id":1426,"date":"2019-12-09T04:03:08","date_gmt":"2019-12-09T04:03:08","guid":{"rendered":"https:\/\/smartdata.tonytemplates.com\/electrician\/demo-2\/?page_id=1426"},"modified":"2021-02-07T16:22:31","modified_gmt":"2021-02-07T14:22:31","slug":"home-2","status":"publish","type":"page","link":"https:\/\/dragoiuelectric.ro\/","title":{"rendered":"Home"},"content":{"rendered":"\t\t<div data-elementor-type=\"wp-page\" data-elementor-id=\"1426\" class=\"elementor elementor-1426\">\n\t\t\t\t\t\t<section class=\"elementor-section elementor-top-section elementor-element elementor-element-537ea65 elementor-section-stretched elementor-section-full_width elementor-section-height-default elementor-section-height-default\" data-id=\"537ea65\" data-element_type=\"section\" data-settings=\"{&quot;stretch_section&quot;:&quot;section-stretched&quot;}\">\n\t\t\t\t\t\t<div class=\"elementor-container elementor-column-gap-no\">\n\t\t\t\t\t<div class=\"elementor-column elementor-col-100 elementor-top-column elementor-element elementor-element-bf1e70b\" data-id=\"bf1e70b\" data-element_type=\"column\">\n\t\t\t<div class=\"elementor-widget-wrap elementor-element-populated\">\n\t\t\t\t\t\t<div class=\"elementor-element elementor-element-1db603e elementor-widget elementor-widget-electrician-nivo-slider\" data-id=\"1db603e\" data-element_type=\"widget\" data-widget_type=\"electrician-nivo-slider.default\">\n\t\t\t\t<div class=\"elementor-widget-container\">\n\t\t\t\n<!-- Slider -->\n\t\t<div class=\"slider-wrapper theme-default\">\n  <div id=\"slider\" class=\"nivoSlider hide-arrows-mobile\"\n\tdata-slick='{\"anim_speed\":500,\"pause_time\":6000,\"pause_on_hover\":\"true\",\"effect\":\"sliceUpDown\",\"prev_text\":\"\",\"next_text\":\"\",\"autoplay\":\"false\",\"direction_nav\":\"true\",\"control_nav\":\"false\"}'>\n\t\t\t\t<img decoding=\"async\" src=\"https:\/\/dragoiuelectric.ro\/wp-content\/uploads\/2018\/12\/slide1.jpg\" title=\"#htmlcaption1\"\n\t  data-thumb=\"https:\/\/dragoiuelectric.ro\/wp-content\/uploads\/2018\/12\/slide1.jpg\" alt=\"\" \/>\n\t\t\t\t\t\t<img decoding=\"async\" src=\"https:\/\/dragoiuelectric.ro\/wp-content\/uploads\/2018\/12\/slide2.jpg\" title=\"#htmlcaption2\"\n\t  data-thumb=\"https:\/\/dragoiuelectric.ro\/wp-content\/uploads\/2018\/12\/slide2.jpg\" alt=\"\" \/>\n\t\t\t\t\t\t<img decoding=\"async\" src=\"https:\/\/dragoiuelectric.ro\/wp-content\/uploads\/2018\/12\/slide3.jpg\" title=\"#htmlcaption3\"\n\t  data-thumb=\"https:\/\/dragoiuelectric.ro\/wp-content\/uploads\/2018\/12\/slide3.jpg\" alt=\"\" \/>\n\t\t\t\t\t  <\/div>\n\t\t\t  <div id=\"htmlcaption1\" class=\"nivo-caption\">\n\t<div class=\"vert-wrapper\">\n\t  <div class=\"vert\">\n\t\t<div class=\"text text1\">Speciali\u0219ti \u00een Electricitate!<\/div>\n\t\t<div class=\"text text2 margin-bottom\"><\/div>\n\t  <\/div>\n\t<\/div>\n  <\/div>\n\t\t\t\t\t  <div id=\"htmlcaption2\" class=\"nivo-caption\">\n\t<div class=\"vert-wrapper\">\n\t  <div class=\"vert\">\n\t\t<div class=\"text text1\">Cele mai bune servicii pentru dvs.<\/div>\n\t\t<div class=\"text text2 margin-bottom\"><\/div>\n\t  <\/div>\n\t<\/div>\n  <\/div>\n\t\t\t\t\t  <div id=\"htmlcaption3\" class=\"nivo-caption\">\n\t<div class=\"vert-wrapper\">\n\t  <div class=\"vert\">\n\t\t<div class=\"text text1\">Dr\u0103goiu Electric<\/div>\n\t\t<div class=\"text text2 margin-bottom\"><\/div>\n\t  <\/div>\n\t<\/div>\n  <\/div>\n\t\t\t\t\t<\/div>\n<!-- Slider -->\n\t\t\n\n\n\t\t\t\t<\/div>\n\t\t\t\t<\/div>\n\t\t\t\t\t<\/div>\n\t\t<\/div>\n\t\t\t\t\t<\/div>\n\t\t<\/section>\n\t\t\t\t<section class=\"elementor-section elementor-top-section elementor-element elementor-element-a95bbd1 elementor-section-stretched elementor-section-full_width elementor-section-height-default elementor-section-height-default\" data-id=\"a95bbd1\" data-element_type=\"section\" data-settings=\"{&quot;stretch_section&quot;:&quot;section-stretched&quot;}\">\n\t\t\t\t\t\t<div class=\"elementor-container elementor-column-gap-no\">\n\t\t\t\t\t<div class=\"elementor-column elementor-col-100 elementor-top-column elementor-element elementor-element-0ab3533\" data-id=\"0ab3533\" data-element_type=\"column\">\n\t\t\t<div class=\"elementor-widget-wrap elementor-element-populated\">\n\t\t\t\t\t\t<div class=\"elementor-element elementor-element-83c3244 elementor-widget elementor-widget-electrician-request-block\" data-id=\"83c3244\" data-element_type=\"widget\" data-widget_type=\"electrician-request-block.default\">\n\t\t\t\t<div class=\"elementor-widget-container\">\n\t\t\t\n\t\t<div class=\"block block-negative\">\n\t<div class=\"container\">\n\t\t<div class=\"request-form\">\n\t\t\t<h4>Solicit\u0103 un serviciu<\/h4>\n\t\t\t\n<div class=\"wpcf7 no-js\" id=\"wpcf7-f25-o1\" lang=\"en-US\" dir=\"ltr\">\n<div class=\"screen-reader-response\"><p role=\"status\" aria-live=\"polite\" aria-atomic=\"true\"><\/p> <ul><\/ul><\/div>\n<form action=\"\/index.php\/wp-json\/wp\/v2\/pages\/1426#wpcf7-f25-o1\" method=\"post\" class=\"wpcf7-form init\" aria-label=\"Contact form\" novalidate=\"novalidate\" data-status=\"init\">\n<div style=\"display: none;\">\n<input type=\"hidden\" name=\"_wpcf7\" value=\"25\" \/>\n<input type=\"hidden\" name=\"_wpcf7_version\" value=\"5.9.4\" \/>\n<input type=\"hidden\" name=\"_wpcf7_locale\" value=\"en_US\" \/>\n<input type=\"hidden\" name=\"_wpcf7_unit_tag\" value=\"wpcf7-f25-o1\" \/>\n<input type=\"hidden\" name=\"_wpcf7_container_post\" value=\"0\" \/>\n<input type=\"hidden\" name=\"_wpcf7_posted_data_hash\" value=\"\" \/>\n<\/div>\n<div class=\"inside\">\n\t<p><span class=\"wpcf7-form-control-wrap\" data-name=\"your-name\"><input size=\"40\" class=\"wpcf7-form-control wpcf7-text wpcf7-validates-as-required input-custom\" aria-required=\"true\" aria-invalid=\"false\" placeholder=\"Nume \u0219i Prenume:\" value=\"\" type=\"text\" name=\"your-name\" \/><\/span><span class=\"wpcf7-form-control-wrap\" data-name=\"your-email\"><input size=\"40\" class=\"wpcf7-form-control wpcf7-email wpcf7-validates-as-required wpcf7-text wpcf7-validates-as-email input-custom\" aria-required=\"true\" aria-invalid=\"false\" placeholder=\"Adres\u0103 Email:\" value=\"\" type=\"email\" name=\"your-email\" \/><\/span><span class=\"wpcf7-form-control-wrap\" data-name=\"your-phone\"><input class=\"wpcf7-form-control wpcf7-number wpcf7-validates-as-required wpcf7-validates-as-number input-custom\" aria-required=\"true\" aria-invalid=\"false\" placeholder=\"Telefon:\" value=\"\" type=\"number\" name=\"your-phone\" \/><\/span><button type=\"submit\" id=\"submit\" class=\"btn wpcf7-form-control wpcf7-submit\"><i class=\"icon icon-lightning\"><\/i><span>Solicit\u0103<\/span><\/button>\n\t<\/p>\n<\/div><div class=\"wpcf7-response-output\" aria-hidden=\"true\"><\/div>\n<\/form>\n<\/div>\n\t\t<\/div>\n\t<\/div>\n<\/div>\n\t\t\t\t\t\t\t<\/div>\n\t\t\t\t<\/div>\n\t\t\t\t\t<\/div>\n\t\t<\/div>\n\t\t\t\t\t<\/div>\n\t\t<\/section>\n\t\t\t\t<section class=\"elementor-section elementor-top-section elementor-element elementor-element-1c7fdb5 elementor-section-full_width elementor-section-height-default elementor-section-height-default\" data-id=\"1c7fdb5\" data-element_type=\"section\">\n\t\t\t\t\t\t<div class=\"elementor-container elementor-column-gap-no\">\n\t\t\t\t\t<div class=\"elementor-column elementor-col-100 elementor-top-column elementor-element elementor-element-86319f5\" data-id=\"86319f5\" data-element_type=\"column\">\n\t\t\t<div class=\"elementor-widget-wrap elementor-element-populated\">\n\t\t\t\t\t\t<div class=\"elementor-element elementor-element-28a81d6 elementor-widget elementor-widget-ele_about_us\" data-id=\"28a81d6\" data-element_type=\"widget\" data-widget_type=\"ele_about_us.default\">\n\t\t\t\t<div class=\"elementor-widget-container\">\n\t\t\t\n<!-- \/\/About Block -->\n<div class=\"block\">\n  <div class=\"container\">\n\t<h1 class=\"text-center\">\n\t\tDespre <b>Noi<\/b>\t\t<\/h1>\n\t<p class=\"font24 text-center\">\n\t\t\u00cencep\u00e2nd cu anul 2005, societatea noastr\u0103 \u0219i-a amplificat portofoliul de lucr\u0103ri gra\u021bie dezvolt\u0103rii bazei materiale, umane \u0219i dot\u0103rii cu scule, dispozitive \u0219i echipamente specifice domeniului energetic. Societatea noastr\u0103 dispune de o dotare tehnic\u0103 adecvat\u0103 care asigur\u0103 rezolvarea operativ\u0103 \u0219i la standardele cerute a tuturor lucr\u0103rilor pe care le executam.\t<\/p>\n\t\t\t<div class=\"row text-sm-center\">\n\t  <div class=\"col-md-6\">\n\t\t<div class=\"video-wrap\">\n\t\t  <div class=\"video-responsive max-width\">\n\t\t\t<iframe src=\"\"><\/iframe>\n\t\t  <\/div>\n\t\t<\/div>\n\t  <\/div>\n\t  <div class=\"divider visible-sm\"><\/div>\n\t  <div class=\"divider-sm visible-xs\"><\/div>\n\t  <div class=\"col-md-6\">\n\t\t\tFirma dispune de un poten\u021bial uman bine preg\u0103tit, experimentat \u0219i relativ t\u00e2n\u0103r, capabil sa execute lucr\u0103ri la un \u00eenalt nivel calitativ. <br><br>\nPrin modul de prezentare \u0219i execu\u021bie, prin \u00eendeplinirea la termen a cerin\u021belor impuse \u00een diferite contracte, firma S.C. DRAGOIU ELECTRIC S.R.L. a reu\u0219it s\u0103 se impun\u0103 \u0219i s\u0103 cucereasc\u0103 p\u0103r\u021bi importante din pia\u021ba de profil at\u00e2t \u00een jude\u021bul Hunedoara, c\u00e2t \u0219i \u00een jude\u021bele  cu perspective de p\u0103trundere \u0219i pe alte pie\u021be.<br><br>\n\t\t\t\t\t<a href=\"https:\/\/dragoiuelectric.ro\/index.php\/our-team\/\" target=\"_blank\"\t\t  class=\"btn btn-border\"><i\n\t\t\tclass=\"icon icon-lightning\"><\/i><span>Mai multe<\/span><\/a> <\/div>\n\t\t\t\t<\/div>\n\t\t\t  <\/div>\n<\/div>\n\t\t\t\t<\/div>\n\t\t\t\t<\/div>\n\t\t\t\t\t<\/div>\n\t\t<\/div>\n\t\t\t\t\t<\/div>\n\t\t<\/section>\n\t\t\t\t<section class=\"elementor-section elementor-top-section elementor-element elementor-element-96dbae7 elementor-section-full_width elementor-section-stretched elementor-section-height-default elementor-section-height-default\" data-id=\"96dbae7\" data-element_type=\"section\" data-settings=\"{&quot;stretch_section&quot;:&quot;section-stretched&quot;}\">\n\t\t\t\t\t\t<div class=\"elementor-container elementor-column-gap-no\">\n\t\t\t\t\t<div class=\"elementor-column elementor-col-100 elementor-top-column elementor-element elementor-element-25e395f\" data-id=\"25e395f\" data-element_type=\"column\">\n\t\t\t<div class=\"elementor-widget-wrap elementor-element-populated\">\n\t\t\t\t\t\t<div class=\"elementor-element elementor-element-37c4f70 elementor-widget elementor-widget-elec_work_category\" data-id=\"37c4f70\" data-element_type=\"widget\" data-widget_type=\"elec_work_category.default\">\n\t\t\t\t<div class=\"elementor-widget-container\">\n\t\t\t\t\t<div class=\"block \">\n  <div class=\"skew-wrapper category-carousel light-arrow\" data-slick='{\"mobile_first\":\"true\",\"slides_to_show\":1,\"slides_to_scroll\":1,\"infinite\":\"true\",\"autoplay\":\"true\",\"autoplay_speed\":5000,\"arrows\":\"false\",\"dots\":\"true\"}'>\n\t<div class=\"container\">\n\t\t\t\t  <div class=\"skew\"><span class=\"straight-image\"\n\t\t  style=\"background-image: url(https:\/\/dragoiuelectric.ro\/wp-content\/uploads\/2016\/11\/category-img-1.jpg);\"><\/span>\n\t\t<span class=\"straight\"><span class=\"title\">Lucr\u0103ri Comerciale<\/span>\n\t\t  <a class=\"btn btn-sm\" href=\"https:\/\/dragoiuelectric.ro\/index.php\/our-services\/\"\n\t\t\t\t\t><span>Detalii<\/span><\/a>\n\t\t<\/span>\n\t  <\/div>\n\t\t\t\t\t\t  <div class=\"skew\"><span class=\"straight-image\"\n\t\t  style=\"background-image: url(https:\/\/dragoiuelectric.ro\/wp-content\/uploads\/2016\/11\/category-img-2.jpg);\"><\/span>\n\t\t<span class=\"straight\"><span class=\"title\">Lucr\u0103ri Industriale<\/span>\n\t\t  <a class=\"btn btn-sm\" href=\"https:\/\/dragoiuelectric.ro\/index.php\/our-services\/\"\n\t\t\t\t\t><span>Detalii<\/span><\/a>\n\t\t<\/span>\n\t  <\/div>\n\t\t\t\t\t\t  <div class=\"skew\"><span class=\"straight-image\"\n\t\t  style=\"background-image: url(https:\/\/dragoiuelectric.ro\/wp-content\/uploads\/2018\/12\/category-img-3.jpg);\"><\/span>\n\t\t<span class=\"straight\"><span class=\"title\">Lucr\u0103ri Reziden\u021biale<\/span>\n\t\t  <a class=\"btn btn-sm\" href=\"https:\/\/dragoiuelectric.ro\/index.php\/our-services\/\"\n\t\t\t\t\t><span>Detalii<\/span><\/a>\n\t\t<\/span>\n\t  <\/div>\n\t\t\t\t\t\t<\/div>\n  <\/div>\n<\/div>\n\t<!-- \/\/Skew Category Block -->\n\t\t\t\t<\/div>\n\t\t\t\t<\/div>\n\t\t\t\t\t<\/div>\n\t\t<\/div>\n\t\t\t\t\t<\/div>\n\t\t<\/section>\n\t\t\t\t<section class=\"elementor-section elementor-top-section elementor-element elementor-element-84ad458 elementor-section-full_width elementor-section-height-default elementor-section-height-default\" data-id=\"84ad458\" data-element_type=\"section\">\n\t\t\t\t\t\t<div class=\"elementor-container elementor-column-gap-no\">\n\t\t\t\t\t<div class=\"elementor-column elementor-col-100 elementor-top-column elementor-element elementor-element-a6007dd\" data-id=\"a6007dd\" data-element_type=\"column\">\n\t\t\t<div class=\"elementor-widget-wrap elementor-element-populated\">\n\t\t\t\t\t\t<div class=\"elementor-element elementor-element-bffdf33 elementor-widget elementor-widget-elec_our_services\" data-id=\"bffdf33\" data-element_type=\"widget\" data-widget_type=\"elec_our_services.default\">\n\t\t\t\t<div class=\"elementor-widget-container\">\n\t\t\t<!-- Services Block -->\n<div class=\"block bottom-sm\">\n  <div class=\"container\">\n\t<h2 class=\"text-center\">\n\t\t<b>Serviciile Noastre<\/b>\t<\/h2>\n\t\t\t<h4 class=\"text-center subtitle\"><i class=\"icon icon-telephone\"><\/i>0753 047 366\t<\/h4>\n\t\t\t\t<p class=\"font24 text-center\">\n\t\tNu ezita\u021bi s\u0103 ne contacta\u021bi.\t<\/p>\n\t<div class=\"row text-icon-carousel text-icon-grid\" data-slick='{\"mobile_first\":\"false\",\"slides_to_show\":1,\"slides_to_scroll\":1,\"infinite\":\"true\",\"autoplay\":\"true\",\"autoplay_speed\":\"2000\",\"arrows\":\"false\",\"dots\":\"true\"}'>\n\t\t\t  <div class=\"col-sm-6 col-md-4\">\n\t\t<div class=\"text-icon\">\n\t\t  <div class=\"text-icon-icon\"><span><i class=\"icon  icon-lightning\"><\/i><span\n\t\t\t\tclass=\"icon-hover\"><\/span><\/span>\n\t\t  <\/div>\n\t\t  <h5 class=\"text-icon-title\">Proiectare instala\u021bii electrice<\/h5>\n\t\t  <div class=\"text-icon-text\"><\/div>\n\t\t<\/div>\n\t  <\/div>\n\t\t\t\t\t  <div class=\"col-sm-6 col-md-4\">\n\t\t<div class=\"text-icon\">\n\t\t  <div class=\"text-icon-icon\"><span><i class=\"icon  icon-people\"><\/i><span\n\t\t\t\tclass=\"icon-hover\"><\/span><\/span>\n\t\t  <\/div>\n\t\t  <h5 class=\"text-icon-title\">Executare linii electrice<\/h5>\n\t\t  <div class=\"text-icon-text\"><\/div>\n\t\t<\/div>\n\t  <\/div>\n\t\t\t\t\t  <div class=\"col-sm-6 col-md-4\">\n\t\t<div class=\"text-icon\">\n\t\t  <div class=\"text-icon-icon\"><span><i class=\"icon  icon-technology\"><\/i><span\n\t\t\t\tclass=\"icon-hover\"><\/span><\/span>\n\t\t  <\/div>\n\t\t  <h5 class=\"text-icon-title\">\u00centre\u021binere linii electrice<\/h5>\n\t\t  <div class=\"text-icon-text\"><\/div>\n\t\t<\/div>\n\t  <\/div>\n\t\t\t\t\t<\/div>\n  <\/div>\n<\/div>\n<!-- \/\/Services Block -->\n\t\t\t\t<\/div>\n\t\t\t\t<\/div>\n\t\t\t\t\t<\/div>\n\t\t<\/div>\n\t\t\t\t\t<\/div>\n\t\t<\/section>\n\t\t\t\t<section class=\"elementor-section elementor-top-section elementor-element elementor-element-dd6068c elementor-section-stretched elementor-section-full_width elementor-section-height-default elementor-section-height-default\" data-id=\"dd6068c\" data-element_type=\"section\" data-settings=\"{&quot;stretch_section&quot;:&quot;section-stretched&quot;}\">\n\t\t\t\t\t\t<div class=\"elementor-container elementor-column-gap-no\">\n\t\t\t\t\t<div class=\"elementor-column elementor-col-100 elementor-top-column elementor-element elementor-element-00cc68b\" data-id=\"00cc68b\" data-element_type=\"column\">\n\t\t\t<div class=\"elementor-widget-wrap elementor-element-populated\">\n\t\t\t\t\t\t<div class=\"elementor-element elementor-element-4cddcd2 elementor-widget elementor-widget-ele_banner_1\" data-id=\"4cddcd2\" data-element_type=\"widget\" data-widget_type=\"ele_banner_1.default\">\n\t\t\t\t<div class=\"elementor-widget-container\">\n\t\t\t\t\t\t\t<div class=\"block bg-dark pad-sm\">\n\t\t\t<div class=\"container\">\n\t\t\t\t<div class=\"text-center\">\n\t\t\t\t\t<h3><span class=\"light\"> \n\t\t\t\t\t<h3><span class=\"light\">Ave\u021bi nevoie de asisten\u021b\u0103 tehnic\u0103?<\/b><\/h3>\t\t\t\t\t\t\t<\/h3>\n\t\t\t\t\t<p class=\"font24\"> \n\t\t\t\t\tContacta\u021bi-ne !\t\t\t\t\t\t<\/p>\n\t\t\t\t\t<div class=\"btn-inline\">\n\t\t\t\t\t\t\t\t\t\t\t\t\t\t\t\t\t<\/div>\n\t\t\t\t<\/div>\n\t\t\t<\/div>\n\t\t<\/div>\n\t\t\t\t\t\t\t<\/div>\n\t\t\t\t<\/div>\n\t\t\t\t\t<\/div>\n\t\t<\/div>\n\t\t\t\t\t<\/div>\n\t\t<\/section>\n\t\t\t\t<section class=\"elementor-section elementor-top-section elementor-element elementor-element-175b6e8 elementor-section-full_width elementor-section-height-default elementor-section-height-default\" data-id=\"175b6e8\" data-element_type=\"section\">\n\t\t\t\t\t\t<div class=\"elementor-container elementor-column-gap-no\">\n\t\t\t\t\t<div class=\"elementor-column elementor-col-100 elementor-top-column elementor-element elementor-element-15b6540\" data-id=\"15b6540\" data-element_type=\"column\">\n\t\t\t<div class=\"elementor-widget-wrap elementor-element-populated\">\n\t\t\t\t\t\t<div class=\"elementor-element elementor-element-687544d elementor-widget elementor-widget-elec_count\" data-id=\"687544d\" data-element_type=\"widget\" data-widget_type=\"elec_count.default\">\n\t\t\t\t<div class=\"elementor-widget-container\">\n\t\t\t<!-- Counters Block -->\n\t\t<div class=\"block bg-2\">\n\t<div class=\"container\">\n\t\t<div class=\"row counter-carousel\" data-slick='{\"mobile_first\":\"false\",\"slides_to_show\":4,\"slides_to_scroll\":1,\"infinite\":\"false\",\"autoplay\":\"true\",\"autoplay_speed\":6000,\"arrows\":\"false\",\"dots\":\"true\"}'>\n\t\t\t\t\t\t<div class=\"col-md-3\">\n\t\t\t\t<div class=\"counter-box\">\n\t\t\t\t\t<div class=\"counter-box-number\"><span class=\"count\" data-to=\"100\"\n\t\t\t\t\t\t\tdata-speed=\"1500\">0<\/span>+<\/div>\n\t\t\t\t\t<div class=\"decor\"><\/div>\n\t\t\t\t\t<div class=\"counter-box-text\">Proiecte reziden\u021biale finalizate<\/div>\n\t\t\t\t<\/div>\n\t\t\t<\/div>\n\t\t\t\t\t\t\t\t<div class=\"col-md-3\">\n\t\t\t\t<div class=\"counter-box\">\n\t\t\t\t\t<div class=\"counter-box-number\"><span class=\"count\" data-to=\"50\"\n\t\t\t\t\t\t\tdata-speed=\"1500\">0<\/span>+<\/div>\n\t\t\t\t\t<div class=\"decor\"><\/div>\n\t\t\t\t\t<div class=\"counter-box-text\">Proiecte comerciale finalizate<\/div>\n\t\t\t\t<\/div>\n\t\t\t<\/div>\n\t\t\t\t\t\t\t\t<div class=\"col-md-3\">\n\t\t\t\t<div class=\"counter-box\">\n\t\t\t\t\t<div class=\"counter-box-number\"><span class=\"count\" data-to=\"10\"\n\t\t\t\t\t\t\tdata-speed=\"1500\">0<\/span>+<\/div>\n\t\t\t\t\t<div class=\"decor\"><\/div>\n\t\t\t\t\t<div class=\"counter-box-text\">Proiecte industriale finalizate<\/div>\n\t\t\t\t<\/div>\n\t\t\t<\/div>\n\t\t\t\t\t\t\t\t<div class=\"col-md-3\">\n\t\t\t\t<div class=\"counter-box\">\n\t\t\t\t\t<div class=\"counter-box-number\"><span class=\"count\" data-to=\"15\"\n\t\t\t\t\t\t\tdata-speed=\"1500\">0<\/span>+<\/div>\n\t\t\t\t\t<div class=\"decor\"><\/div>\n\t\t\t\t\t<div class=\"counter-box-text\">Angaja\u021bi<\/div>\n\t\t\t\t<\/div>\n\t\t\t<\/div>\n\t\t\t\t\t\t\t<\/div>\n\t<\/div>\n<\/div>\n\t\t\t\t\t\t\t<\/div>\n\t\t\t\t<\/div>\n\t\t\t\t\t<\/div>\n\t\t<\/div>\n\t\t\t\t\t<\/div>\n\t\t<\/section>\n\t\t\t\t<section class=\"elementor-section elementor-top-section elementor-element elementor-element-641de94 elementor-section-full_width elementor-section-stretched elementor-section-height-default elementor-section-height-default\" data-id=\"641de94\" data-element_type=\"section\" data-settings=\"{&quot;stretch_section&quot;:&quot;section-stretched&quot;}\">\n\t\t\t\t\t\t<div class=\"elementor-container elementor-column-gap-no\">\n\t\t\t\t\t<div class=\"elementor-column elementor-col-100 elementor-top-column elementor-element elementor-element-c9b5443\" data-id=\"c9b5443\" data-element_type=\"column\">\n\t\t\t<div class=\"elementor-widget-wrap elementor-element-populated\">\n\t\t\t\t\t\t<div class=\"elementor-element elementor-element-b4c2ea3 elementor-widget elementor-widget-electrician-brands\" data-id=\"b4c2ea3\" data-element_type=\"widget\" data-widget_type=\"electrician-brands.default\">\n\t\t\t\t<div class=\"elementor-widget-container\">\n\t\t\t\t\t<div class=\"block bottom-sm\">\n  <div class=\"container\">\n\t<div class=\"brands-carousel-row\">\n\t  <div class=\"brands-carousel-title hidden-xs\">\n\t\t<h2>Clien\u021bii no\u0219trii:<\/h2>\n\t  <\/div>\n\t  <div class=\"brands-carousel-wrap\">\n\t\t<ul class=\"brands-carousel\" data-slick='{\"mobile_first\":\"false\",\"slides_to_show\":4,\"slides_to_scroll\":1,\"infinite\":\"true\",\"autoplay\":\"true\",\"autoplay_speed\":6000,\"arrows\":\"false\",\"dots\":\"true\"}'>\n\t\t\t\t\t  <li>\n\t\t\t<a href=\"https:\/\/interlog.ro\/\" >\n\t\t\t\t\t<img decoding=\"async\" width=\"193\" height=\"94\" src=\"https:\/\/dragoiuelectric.ro\/wp-content\/uploads\/2021\/02\/interlog.png\" class=\"attachment-full size-full\" alt=\"\" \/>\t\t\t<\/a>\n\t\t  <\/li>\n\t\t\t\t\t\t\t<\/ul>\n\t  <\/div>\n\t<\/div>\n  <\/div>\n<\/div>\n\t\t\t\t\t\t<\/div>\n\t\t\t\t<\/div>\n\t\t\t\t\t<\/div>\n\t\t<\/div>\n\t\t\t\t\t<\/div>\n\t\t<\/section>\n\t\t\t\t<\/div>\n\t\t","protected":false},"excerpt":{"rendered":"<p>Speciali\u0219ti \u00een Electricitate! Cele mai bune servicii pentru dvs. Dr\u0103goiu Electric Solicit\u0103 un serviciu Solicit\u0103 Despre Noi \u00cencep\u00e2nd cu anul 2005, societatea noastr\u0103 \u0219i-a amplificat portofoliul de lucr\u0103ri gra\u021bie dezvolt\u0103rii bazei materiale, umane \u0219i dot\u0103rii cu scule, dispozitive \u0219i echipamente specifice domeniului energetic. Societatea noastr\u0103 dispune de o dotare tehnic\u0103 adecvat\u0103 care asigur\u0103 rezolvarea operativ\u0103 [&hellip;]<\/p>\n","protected":false},"author":1,"featured_media":0,"parent":0,"menu_order":0,"comment_status":"closed","ping_status":"closed","template":"elementor_header_footer","meta":{"footnotes":""},"_links":{"self":[{"href":"https:\/\/dragoiuelectric.ro\/index.php\/wp-json\/wp\/v2\/pages\/1426"}],"collection":[{"href":"https:\/\/dragoiuelectric.ro\/index.php\/wp-json\/wp\/v2\/pages"}],"about":[{"href":"https:\/\/dragoiuelectric.ro\/index.php\/wp-json\/wp\/v2\/types\/page"}],"author":[{"embeddable":true,"href":"https:\/\/dragoiuelectric.ro\/index.php\/wp-json\/wp\/v2\/users\/1"}],"replies":[{"embeddable":true,"href":"https:\/\/dragoiuelectric.ro\/index.php\/wp-json\/wp\/v2\/comments?post=1426"}],"version-history":[{"count":29,"href":"https:\/\/dragoiuelectric.ro\/index.php\/wp-json\/wp\/v2\/pages\/1426\/revisions"}],"predecessor-version":[{"id":1790,"href":"https:\/\/dragoiuelectric.ro\/index.php\/wp-json\/wp\/v2\/pages\/1426\/revisions\/1790"}],"wp:attachment":[{"href":"https:\/\/dragoiuelectric.ro\/index.php\/wp-json\/wp\/v2\/media?parent=1426"}],"curies":[{"name":"wp","href":"https:\/\/api.w.org\/{rel}","templated":true}]}}