{"id":1461,"date":"2019-12-09T06:11:36","date_gmt":"2019-12-09T06:11:36","guid":{"rendered":"https:\/\/smartdata.tonytemplates.com\/electrician\/demo-2\/?page_id=1461"},"modified":"2021-02-07T12:48:21","modified_gmt":"2021-02-07T10:48:21","slug":"our-team","status":"publish","type":"page","link":"https:\/\/dragoiuelectric.ro\/index.php\/our-team\/","title":{"rendered":"Despre noi"},"content":{"rendered":"\t\t<div data-elementor-type=\"wp-page\" data-elementor-id=\"1461\" class=\"elementor elementor-1461\">\n\t\t\t\t\t\t<section class=\"elementor-section elementor-top-section elementor-element elementor-element-b5f06cd elementor-section-full_width elementor-section-stretched elementor-section-height-default elementor-section-height-default\" data-id=\"b5f06cd\" data-element_type=\"section\" data-settings=\"{&quot;stretch_section&quot;:&quot;section-stretched&quot;}\">\n\t\t\t\t\t\t<div class=\"elementor-container elementor-column-gap-no\">\n\t\t\t\t\t<div class=\"elementor-column elementor-col-100 elementor-top-column elementor-element elementor-element-2ef2dd2\" data-id=\"2ef2dd2\" data-element_type=\"column\">\n\t\t\t<div class=\"elementor-widget-wrap elementor-element-populated\">\n\t\t\t\t\t\t<div class=\"elementor-element elementor-element-b830aa4 elementor-widget elementor-widget-ele_about_us\" data-id=\"b830aa4\" data-element_type=\"widget\" data-widget_type=\"ele_about_us.default\">\n\t\t\t\t<div class=\"elementor-widget-container\">\n\t\t\t\n<!-- \/\/About Block -->\n<div class=\"block\">\n  <div class=\"container\">\n\t<h1 class=\"text-center\">\n\t\tDespre <b>Noi<\/b>\t\t<\/h1>\n\t<p class=\"font24 text-center\">\n\t\tSocietatea a fost \u00eenfiin\u021bat\u0103 \u00een anul 2005.\t<\/p>\n\t\t\t<div class=\"row\">\n\t  <div class=\"col-sm-7 float-right-lg float-right-md float-right-sm\">\n\t\t<img decoding=\"async\" src=\"https:\/\/dragoiuelectric.ro\/wp-content\/uploads\/2018\/12\/block-bg.jpg\" class=\"img-responsive\"\n\t\t  alt=\"\">\n\t  <\/div>\n\t  <div class=\"divider visible-xs\"><\/div>\n\t  <div class=\"col-sm-5\">\n\t\t\t<p>\u00cencep\u00e2nd cu anul 2005, societatea noastr\u0103 \u0219i-a amplificat portofoliul de lucr\u0103ri gra\u021bie dezvolt\u0103rii bazei materiale, umane \u0219i dot\u0103rii cu scule, dispozitive \u0219i echipamente specifice domeniului energetic. Societatea noastr\u0103 dispune de o dotare tehnic\u0103 adecvat\u0103 care asigur\u0103 rezolvarea operativ\u0103 \u0219i la standardele cerute a tuturor lucr\u0103rilor pe care le executam.<\/p>\n<p>Firma dispune de un poten\u021bial uman bine preg\u0103tit, experimentat \u0219i relativ t\u00e2n\u0103r, capabil sa execute lucr\u0103ri la un \u00eenalt nivel calitativ.<\/p>\n<p>Prin modul de prezentare \u0219i execu\u021bie, prin \u00eendeplinirea la termen a cerin\u021belor impuse \u00een diferite contracte, firma S.C. DRAGOIU ELECTRIC S.R.L. a reu\u0219it s\u0103 se impun\u0103 \u0219i s\u0103 cucereasc\u0103 p\u0103r\u021bi importante din pia\u021ba de profil at\u00e2t \u00een jude\u021bul Hunedoara, c\u00e2t \u0219i \u00een jude\u021bele cu perspective de p\u0103trundere \u0219i pe alte pie\u021be.<\/p>\n<p>\n\t  <\/div>\n\t<\/div>\n\n\t\t\t  <\/div>\n<\/div>\n\t\t\t\t<\/div>\n\t\t\t\t<\/div>\n\t\t\t\t\t<\/div>\n\t\t<\/div>\n\t\t\t\t\t<\/div>\n\t\t<\/section>\n\t\t\t\t<section class=\"elementor-section elementor-top-section elementor-element elementor-element-b26a224 elementor-section-boxed elementor-section-height-default elementor-section-height-default\" data-id=\"b26a224\" data-element_type=\"section\">\n\t\t\t\t\t\t<div class=\"elementor-container elementor-column-gap-default\">\n\t\t\t\t\t<div class=\"elementor-column elementor-col-100 elementor-top-column elementor-element elementor-element-81157e4\" data-id=\"81157e4\" data-element_type=\"column\">\n\t\t\t<div class=\"elementor-widget-wrap elementor-element-populated\">\n\t\t\t\t\t\t<div class=\"elementor-element elementor-element-993a295 elementor-widget elementor-widget-text-editor\" data-id=\"993a295\" data-element_type=\"widget\" data-widget_type=\"text-editor.default\">\n\t\t\t\t<div class=\"elementor-widget-container\">\n\t\t\t\t\t\t\t<p>Politica managerial\u0103 a firmei este de a face din S.C. DRAGOIU ELECTRIC S.R.L. o societate competitiv\u0103 care sa satisfac\u0103 cerin\u021bele implicite \u0219i explicite ale celor mai exigen\u021bi clien\u021bi.<br \/>Pentru realizarea unei eficien\u021be sporite \u0219i atingerea unor praguri calitativ superioare \u00een tot ceea ce facem, precum \u0219i crearea unei valen\u021be superioare \u00een ochii clien\u021bilor no\u0219trii, S.C. DRAGOIU ELECTRIC \u00a0S.R.L. are implementat:<\/p><ul><li>SR EN ISO 90001:2001 \u201eManagementul Sistemului Calit\u0103\u021bii\u201d<\/li><li>SR EN ISO 14001:2005 \u201eSistemul de Management de Mediu\u201d<\/li><li>OHSAS 1800:2004 \u201eSistemul de Management al S\u0103n\u0103t\u0103\u021bii \u0219i Securit\u0103\u021bii Ocupa\u021bionale\u201d<\/li><\/ul><p>De asemenea societatea este atestat\u0103 ANRE pentru lucr\u0103ri de tipul:<\/p><ul><li>B \u201eProiectare si execu\u021bie instala\u021bii electrice interioare pentru construc\u021bii civile si industriale, bran\u0219amente aeriene \u0219i subterane la tensiunea de 0,4kV\u201d<\/li><li>C2A \u201eExecu\u021bie linii electrice aeriene sau subterane cu tensiuni de 0,4 pana la 20kV \u0219i posturi de transformare cu tensiunea nominal\u0103 superioar\u0103 de 20kV\u201d<\/li><li>C1A \u201eProiectare de linii electrice aeriene sau subterane cu tensiuni nominale de 0,4kV-20kV \u0219i posturi de transformare cu tensiunea de cel mult 20kV\u201d<\/li><\/ul>\t\t\t\t\t\t<\/div>\n\t\t\t\t<\/div>\n\t\t\t\t\t<\/div>\n\t\t<\/div>\n\t\t\t\t\t<\/div>\n\t\t<\/section>\n\t\t\t\t<section class=\"elementor-section elementor-top-section elementor-element elementor-element-8512dbe elementor-section-boxed elementor-section-height-default elementor-section-height-default\" data-id=\"8512dbe\" data-element_type=\"section\">\n\t\t\t\t\t\t<div class=\"elementor-container elementor-column-gap-default\">\n\t\t\t\t\t<div class=\"elementor-column elementor-col-100 elementor-top-column elementor-element elementor-element-0fe71f4\" data-id=\"0fe71f4\" data-element_type=\"column\">\n\t\t\t<div class=\"elementor-widget-wrap elementor-element-populated\">\n\t\t\t\t\t\t<div class=\"elementor-element elementor-element-ad1b7a4 elementor-widget-divider--view-line elementor-widget elementor-widget-divider\" data-id=\"ad1b7a4\" data-element_type=\"widget\" data-widget_type=\"divider.default\">\n\t\t\t\t<div class=\"elementor-widget-container\">\n\t\t\t\t\t<div class=\"elementor-divider\">\n\t\t\t<span class=\"elementor-divider-separator\">\n\t\t\t\t\t\t<\/span>\n\t\t<\/div>\n\t\t\t\t<\/div>\n\t\t\t\t<\/div>\n\t\t\t\t\t<\/div>\n\t\t<\/div>\n\t\t\t\t\t<\/div>\n\t\t<\/section>\n\t\t\t\t<section class=\"elementor-section elementor-top-section elementor-element elementor-element-5d8aae1 elementor-section-boxed elementor-section-height-default elementor-section-height-default\" data-id=\"5d8aae1\" data-element_type=\"section\">\n\t\t\t\t\t\t<div class=\"elementor-container elementor-column-gap-default\">\n\t\t\t\t\t<div class=\"elementor-column elementor-col-33 elementor-top-column elementor-element elementor-element-e9b3fb8\" data-id=\"e9b3fb8\" data-element_type=\"column\">\n\t\t\t<div class=\"elementor-widget-wrap elementor-element-populated\">\n\t\t\t\t\t\t<div class=\"elementor-element elementor-element-c3a7314 elementor-widget elementor-widget-heading\" data-id=\"c3a7314\" data-element_type=\"widget\" data-widget_type=\"heading.default\">\n\t\t\t\t<div class=\"elementor-widget-container\">\n\t\t\t<h4 class=\"elementor-heading-title elementor-size-default\">Viziunea<\/h4>\t\t<\/div>\n\t\t\t\t<\/div>\n\t\t\t\t\t<\/div>\n\t\t<\/div>\n\t\t\t\t<div class=\"elementor-column elementor-col-33 elementor-top-column elementor-element elementor-element-8c97167\" data-id=\"8c97167\" data-element_type=\"column\">\n\t\t\t<div class=\"elementor-widget-wrap elementor-element-populated\">\n\t\t\t\t\t\t<div class=\"elementor-element elementor-element-949cd8c elementor-widget elementor-widget-heading\" data-id=\"949cd8c\" data-element_type=\"widget\" data-widget_type=\"heading.default\">\n\t\t\t\t<div class=\"elementor-widget-container\">\n\t\t\t<h4 class=\"elementor-heading-title elementor-size-default\">Misiunea<\/h4>\t\t<\/div>\n\t\t\t\t<\/div>\n\t\t\t\t\t<\/div>\n\t\t<\/div>\n\t\t\t\t<div class=\"elementor-column elementor-col-33 elementor-top-column elementor-element elementor-element-eb15bf1\" data-id=\"eb15bf1\" data-element_type=\"column\">\n\t\t\t<div class=\"elementor-widget-wrap elementor-element-populated\">\n\t\t\t\t\t\t<div class=\"elementor-element elementor-element-9aa4861 elementor-widget elementor-widget-heading\" data-id=\"9aa4861\" data-element_type=\"widget\" data-widget_type=\"heading.default\">\n\t\t\t\t<div class=\"elementor-widget-container\">\n\t\t\t<h4 class=\"elementor-heading-title elementor-size-default\">Strategia<\/h4>\t\t<\/div>\n\t\t\t\t<\/div>\n\t\t\t\t\t<\/div>\n\t\t<\/div>\n\t\t\t\t\t<\/div>\n\t\t<\/section>\n\t\t\t\t<section class=\"elementor-section elementor-top-section elementor-element elementor-element-55f1b8f elementor-section-boxed elementor-section-height-default elementor-section-height-default\" data-id=\"55f1b8f\" data-element_type=\"section\">\n\t\t\t\t\t\t<div class=\"elementor-container elementor-column-gap-default\">\n\t\t\t\t\t<div class=\"elementor-column elementor-col-33 elementor-top-column elementor-element elementor-element-496a9fb\" data-id=\"496a9fb\" data-element_type=\"column\">\n\t\t\t<div class=\"elementor-widget-wrap elementor-element-populated\">\n\t\t\t\t\t\t<div class=\"elementor-element elementor-element-b78c057 elementor-widget elementor-widget-text-editor\" data-id=\"b78c057\" data-element_type=\"widget\" data-widget_type=\"text-editor.default\">\n\t\t\t\t<div class=\"elementor-widget-container\">\n\t\t\t\t\t\t\t<p>Suntem una dintre firmele tinere, cu o dinamic\u0103 de dezvoltare ridicat\u0103.<\/p><p>Dorim s\u0103 devenim cea mai puternic\u0103 firm\u0103 din zon\u0103 \u00een domeniul nostru de activitate.<\/p>\t\t\t\t\t\t<\/div>\n\t\t\t\t<\/div>\n\t\t\t\t\t<\/div>\n\t\t<\/div>\n\t\t\t\t<div class=\"elementor-column elementor-col-33 elementor-top-column elementor-element elementor-element-f62f83d\" data-id=\"f62f83d\" data-element_type=\"column\">\n\t\t\t<div class=\"elementor-widget-wrap elementor-element-populated\">\n\t\t\t\t\t\t<div class=\"elementor-element elementor-element-e96d118 elementor-widget elementor-widget-text-editor\" data-id=\"e96d118\" data-element_type=\"widget\" data-widget_type=\"text-editor.default\">\n\t\t\t\t<div class=\"elementor-widget-container\">\n\t\t\t\t\t\t\t<p>Misiunea noastr\u0103 este de a asigura produse \u0219i servicii la un nivel calitativ ridicat \u0219i o dezvoltare durabil\u0103 ac\u021bion\u00e2nd \u00een spiritul legii, al grijii \u0219i respectului fa\u021b\u0103 de clien\u021bi, de angaja\u021bi, de parteneri \u0219i de societate.<\/p>\t\t\t\t\t\t<\/div>\n\t\t\t\t<\/div>\n\t\t\t\t\t<\/div>\n\t\t<\/div>\n\t\t\t\t<div class=\"elementor-column elementor-col-33 elementor-top-column elementor-element elementor-element-0108397\" data-id=\"0108397\" data-element_type=\"column\">\n\t\t\t<div class=\"elementor-widget-wrap elementor-element-populated\">\n\t\t\t\t\t\t<div class=\"elementor-element elementor-element-dc362d0 elementor-widget elementor-widget-text-editor\" data-id=\"dc362d0\" data-element_type=\"widget\" data-widget_type=\"text-editor.default\">\n\t\t\t\t<div class=\"elementor-widget-container\">\n\t\t\t\t\t\t\t<p>Ac\u021bion\u0103m astfel \u00eenc\u00e2t firma noastr\u0103 sa fie un partener de \u00eencredere pentru clien\u021bi, respect fata de lege, fata de oameni, fie ei angaja\u021bi, parteneri sau membrii ai comunit\u0103\u021bii.<\/p><p>In acest context urm\u0103rim sa reducem riscurile la care este expusa organiza\u021bia noastr\u0103 la un nivel acceptabil, astfel \u00eenc\u00e2t sa fim capabili sa asiguram succesul afacerii noastre in condi\u021bii de siguran\u021b\u0103 din punct de vedere al mediului, s\u0103n\u0103t\u0103\u021bii si securit\u0103\u021bii muncii, siguran\u021bei informa\u021biilor.<\/p><p>Ca elemente de sprijin si asigurare a succesului ne preocup\u0103m de asigurarea unui management performant al energiei, acesta av\u00e2nd o influenta directa in reducerea costurilor de produc\u021bie si protejarea mediului, precum si de resursele umane in contextul asum\u0103rii responsabilit\u0103\u021bii sociale a\u0219a cum este ea definita prin standardul de referin\u021b\u0103 si legisla\u021bia aplicabila.<\/p>\t\t\t\t\t\t<\/div>\n\t\t\t\t<\/div>\n\t\t\t\t\t<\/div>\n\t\t<\/div>\n\t\t\t\t\t<\/div>\n\t\t<\/section>\n\t\t\t\t<section class=\"elementor-section elementor-top-section elementor-element elementor-element-2c2d875 elementor-section-boxed elementor-section-height-default elementor-section-height-default\" data-id=\"2c2d875\" data-element_type=\"section\">\n\t\t\t\t\t\t<div class=\"elementor-container elementor-column-gap-default\">\n\t\t\t\t\t<div class=\"elementor-column elementor-col-100 elementor-top-column elementor-element elementor-element-65bab1c\" data-id=\"65bab1c\" data-element_type=\"column\">\n\t\t\t<div class=\"elementor-widget-wrap elementor-element-populated\">\n\t\t\t\t\t\t<div class=\"elementor-element elementor-element-5f599c2 elementor-widget-divider--view-line elementor-widget elementor-widget-divider\" data-id=\"5f599c2\" data-element_type=\"widget\" data-widget_type=\"divider.default\">\n\t\t\t\t<div class=\"elementor-widget-container\">\n\t\t\t\t\t<div class=\"elementor-divider\">\n\t\t\t<span class=\"elementor-divider-separator\">\n\t\t\t\t\t\t<\/span>\n\t\t<\/div>\n\t\t\t\t<\/div>\n\t\t\t\t<\/div>\n\t\t\t\t\t<\/div>\n\t\t<\/div>\n\t\t\t\t\t<\/div>\n\t\t<\/section>\n\t\t\t\t<section class=\"elementor-section elementor-top-section elementor-element elementor-element-6bc8d51 elementor-section-boxed elementor-section-height-default elementor-section-height-default\" data-id=\"6bc8d51\" data-element_type=\"section\">\n\t\t\t\t\t\t<div class=\"elementor-container elementor-column-gap-default\">\n\t\t\t\t\t<div class=\"elementor-column elementor-col-50 elementor-top-column elementor-element elementor-element-872415d\" data-id=\"872415d\" data-element_type=\"column\">\n\t\t\t<div class=\"elementor-widget-wrap elementor-element-populated\">\n\t\t\t\t\t\t<div class=\"elementor-element elementor-element-859f3bd elementor-widget elementor-widget-heading\" data-id=\"859f3bd\" data-element_type=\"widget\" data-widget_type=\"heading.default\">\n\t\t\t\t<div class=\"elementor-widget-container\">\n\t\t\t<h4 class=\"elementor-heading-title elementor-size-default\">Calitatea<\/h4>\t\t<\/div>\n\t\t\t\t<\/div>\n\t\t\t\t\t<\/div>\n\t\t<\/div>\n\t\t\t\t<div class=\"elementor-column elementor-col-50 elementor-top-column elementor-element elementor-element-edc2000\" data-id=\"edc2000\" data-element_type=\"column\">\n\t\t\t<div class=\"elementor-widget-wrap elementor-element-populated\">\n\t\t\t\t\t\t<div class=\"elementor-element elementor-element-bb5131a elementor-widget elementor-widget-heading\" data-id=\"bb5131a\" data-element_type=\"widget\" data-widget_type=\"heading.default\">\n\t\t\t\t<div class=\"elementor-widget-container\">\n\t\t\t<h4 class=\"elementor-heading-title elementor-size-default\">Mediul<\/h4>\t\t<\/div>\n\t\t\t\t<\/div>\n\t\t\t\t\t<\/div>\n\t\t<\/div>\n\t\t\t\t\t<\/div>\n\t\t<\/section>\n\t\t\t\t<section class=\"elementor-section elementor-top-section elementor-element elementor-element-059cda7 elementor-section-boxed elementor-section-height-default elementor-section-height-default\" data-id=\"059cda7\" data-element_type=\"section\">\n\t\t\t\t\t\t<div class=\"elementor-container elementor-column-gap-default\">\n\t\t\t\t\t<div class=\"elementor-column elementor-col-50 elementor-top-column elementor-element elementor-element-3b55730\" data-id=\"3b55730\" data-element_type=\"column\">\n\t\t\t<div class=\"elementor-widget-wrap elementor-element-populated\">\n\t\t\t\t\t\t<div class=\"elementor-element elementor-element-5865efd elementor-widget elementor-widget-text-editor\" data-id=\"5865efd\" data-element_type=\"widget\" data-widget_type=\"text-editor.default\">\n\t\t\t\t<div class=\"elementor-widget-container\">\n\t\t\t\t\t\t\t<p>Standardul de referin\u021b\u0103 pentru managementul calit\u0103\u021bii \u2013 SR EN ISO 9001: 2008 Sisteme de management al calit\u0103\u021bii. Cerin\u021be:<\/p><p>Consideram calitatea ca fiind elementul definitor pentru asigurarea satisfac\u021biei clien\u021bilor no\u0219tri.<\/p><p>Prin calitate \u00een\u021belegem realizarea produselor \u0219i serviciilor in conformitate cu cerin\u021bele clien\u021bilor, cerin\u021bele legale si de reglementare aplicabile, \u00eencadr\u00e2ndu-ne in costurile previzionate si termenele stabilite.<\/p><p>Managementul de la cel mai \u00eenalt nivel se angajeaz\u0103 sa implementeze si sa men\u021bin\u0103 sistemul de management al calit\u0103\u021bii \u00eembun\u0103t\u0103\u021bind continuu eficacitatea sa, respect\u00e2nd cerin\u021bele clien\u021bilor si cerin\u021bele legisla\u021biei si reglementarilor aplicabile.<\/p>\t\t\t\t\t\t<\/div>\n\t\t\t\t<\/div>\n\t\t\t\t\t<\/div>\n\t\t<\/div>\n\t\t\t\t<div class=\"elementor-column elementor-col-50 elementor-top-column elementor-element elementor-element-8b2f556\" data-id=\"8b2f556\" data-element_type=\"column\">\n\t\t\t<div class=\"elementor-widget-wrap elementor-element-populated\">\n\t\t\t\t\t\t<div class=\"elementor-element elementor-element-846544d elementor-widget elementor-widget-text-editor\" data-id=\"846544d\" data-element_type=\"widget\" data-widget_type=\"text-editor.default\">\n\t\t\t\t<div class=\"elementor-widget-container\">\n\t\t\t\t\t\t\t<p>Standardul de referin\u021b\u0103 pentru managementul mediului \u2013 SR EN ISO 14001:2005 Sisteme de management de mediu. Cerin\u021be cu ghid de utilizare:<\/p><p>Protejarea mediului este esen\u021biala pentru asigurarea unui climat de trai s\u0103n\u0103tos at\u00e2t pentru angaja\u021bi cat si pentru comunitatea din care facem parte. Protejarea mediului este o datorie de onoare fata de genera\u021biile viitoare.<\/p><p>Prin protejarea mediului \u00een\u021belegem reducerea consumurilor de resurse neregenerabile, reducerea consumurilor de materii prime si materiale, cu prioritate a celor energofage, gestionarea adecvata a de\u0219eurilor.<\/p><p>Managementul de la cel mai \u00eenalt nivel se angajeaz\u0103 sa implementeze si sa men\u021bin\u0103 sistemul de management de mediu \u00eembun\u0103t\u0103\u021bind continuu eficacitatea sa, sa ac\u021bioneze continuu pentru a asigura conformarea cu cerin\u021bele legale si de reglementare aplicabile precum si cu cele la care am subscris, sa ac\u021bioneze continuu pentru reducerea polu\u0103rii, prioritate av\u00e2nd reducerea polu\u0103rii la sursa.<\/p>\t\t\t\t\t\t<\/div>\n\t\t\t\t<\/div>\n\t\t\t\t\t<\/div>\n\t\t<\/div>\n\t\t\t\t\t<\/div>\n\t\t<\/section>\n\t\t\t\t<section class=\"elementor-section elementor-top-section elementor-element elementor-element-db82d53 elementor-section-boxed elementor-section-height-default elementor-section-height-default\" data-id=\"db82d53\" data-element_type=\"section\">\n\t\t\t\t\t\t<div class=\"elementor-container elementor-column-gap-default\">\n\t\t\t\t\t<div class=\"elementor-column elementor-col-100 elementor-top-column elementor-element elementor-element-e7ef1f6\" data-id=\"e7ef1f6\" data-element_type=\"column\">\n\t\t\t<div class=\"elementor-widget-wrap elementor-element-populated\">\n\t\t\t\t\t\t<div class=\"elementor-element elementor-element-2daf39c elementor-widget-divider--view-line elementor-widget elementor-widget-divider\" data-id=\"2daf39c\" data-element_type=\"widget\" data-widget_type=\"divider.default\">\n\t\t\t\t<div class=\"elementor-widget-container\">\n\t\t\t\t\t<div class=\"elementor-divider\">\n\t\t\t<span class=\"elementor-divider-separator\">\n\t\t\t\t\t\t<\/span>\n\t\t<\/div>\n\t\t\t\t<\/div>\n\t\t\t\t<\/div>\n\t\t\t\t\t<\/div>\n\t\t<\/div>\n\t\t\t\t\t<\/div>\n\t\t<\/section>\n\t\t\t\t<section class=\"elementor-section elementor-top-section elementor-element elementor-element-ddbab55 elementor-section-boxed elementor-section-height-default elementor-section-height-default\" data-id=\"ddbab55\" data-element_type=\"section\">\n\t\t\t\t\t\t<div class=\"elementor-container elementor-column-gap-default\">\n\t\t\t\t\t<div class=\"elementor-column elementor-col-50 elementor-top-column elementor-element elementor-element-270ffea\" data-id=\"270ffea\" data-element_type=\"column\">\n\t\t\t<div class=\"elementor-widget-wrap elementor-element-populated\">\n\t\t\t\t\t\t<div class=\"elementor-element elementor-element-e5975d9 elementor-widget elementor-widget-heading\" data-id=\"e5975d9\" data-element_type=\"widget\" data-widget_type=\"heading.default\">\n\t\t\t\t<div class=\"elementor-widget-container\">\n\t\t\t<h3 class=\"elementor-heading-title elementor-size-default\">Certific\u0103ri<\/h3>\t\t<\/div>\n\t\t\t\t<\/div>\n\t\t\t\t\t<\/div>\n\t\t<\/div>\n\t\t\t\t<div class=\"elementor-column elementor-col-50 elementor-top-column elementor-element elementor-element-0cf5abe\" data-id=\"0cf5abe\" data-element_type=\"column\">\n\t\t\t<div class=\"elementor-widget-wrap\">\n\t\t\t\t\t\t\t<\/div>\n\t\t<\/div>\n\t\t\t\t\t<\/div>\n\t\t<\/section>\n\t\t\t\t<section class=\"elementor-section elementor-top-section elementor-element elementor-element-7481973 elementor-section-boxed elementor-section-height-default elementor-section-height-default\" data-id=\"7481973\" data-element_type=\"section\">\n\t\t\t\t\t\t<div class=\"elementor-container elementor-column-gap-default\">\n\t\t\t\t\t<div class=\"elementor-column elementor-col-50 elementor-top-column elementor-element elementor-element-a721746\" data-id=\"a721746\" data-element_type=\"column\">\n\t\t\t<div class=\"elementor-widget-wrap elementor-element-populated\">\n\t\t\t\t\t\t<div class=\"elementor-element elementor-element-8dfd73c elementor-widget elementor-widget-text-editor\" data-id=\"8dfd73c\" data-element_type=\"widget\" data-widget_type=\"text-editor.default\">\n\t\t\t\t<div class=\"elementor-widget-container\">\n\t\t\t\t\t\t\t<ul><li>SR EN ISO 90001:2001 \u201cManagementul Sistemului Calitatii\u201d<\/li><li>SR EN ISO 14001:2005 \u201cSistemul de Management de Mediu\u201d<\/li><li>OHSAS 1800:2004 \u201cSistemul de Management al Sanatatii si Securitatii Ocupationale\u201d<\/li><li>B \u201cProiectare si executie instalatii electrice interioare pentru constructii civile si industriale, bransamente aeriene si subterane la tensiunea de 0,4kV\u201d<\/li><li>C2A \u201cExecutie linii electrice aeriene sau subterane cu tensiuni de 0,4 pana la 20kV si posturi de transformare cu tensiunea nominala superioara de 20kV\u201d<\/li><li>C1A \u201cProiectare de linii electrice aeriene sau subterane cu tensiuni nominale de 0,4kV-20kV si posturi de transformare cu tensiunea de cel mult 20kV\u201d<\/li><\/ul>\t\t\t\t\t\t<\/div>\n\t\t\t\t<\/div>\n\t\t\t\t\t<\/div>\n\t\t<\/div>\n\t\t\t\t<div class=\"elementor-column elementor-col-50 elementor-top-column elementor-element elementor-element-c9b82c3\" data-id=\"c9b82c3\" data-element_type=\"column\">\n\t\t\t<div class=\"elementor-widget-wrap\">\n\t\t\t\t\t\t\t<\/div>\n\t\t<\/div>\n\t\t\t\t\t<\/div>\n\t\t<\/section>\n\t\t\t\t<\/div>\n\t\t","protected":false},"excerpt":{"rendered":"<p>Despre Noi Societatea a fost \u00eenfiin\u021bat\u0103 \u00een anul 2005. \u00cencep\u00e2nd cu anul 2005, societatea noastr\u0103 \u0219i-a amplificat portofoliul de lucr\u0103ri gra\u021bie dezvolt\u0103rii bazei materiale, umane \u0219i dot\u0103rii cu scule, dispozitive \u0219i echipamente specifice domeniului energetic. Societatea noastr\u0103 dispune de o dotare tehnic\u0103 adecvat\u0103 care asigur\u0103 rezolvarea operativ\u0103 \u0219i la standardele cerute a tuturor lucr\u0103rilor pe [&hellip;]<\/p>\n","protected":false},"author":1,"featured_media":0,"parent":0,"menu_order":0,"comment_status":"closed","ping_status":"closed","template":"","meta":{"footnotes":""},"_links":{"self":[{"href":"https:\/\/dragoiuelectric.ro\/index.php\/wp-json\/wp\/v2\/pages\/1461"}],"collection":[{"href":"https:\/\/dragoiuelectric.ro\/index.php\/wp-json\/wp\/v2\/pages"}],"about":[{"href":"https:\/\/dragoiuelectric.ro\/index.php\/wp-json\/wp\/v2\/types\/page"}],"author":[{"embeddable":true,"href":"https:\/\/dragoiuelectric.ro\/index.php\/wp-json\/wp\/v2\/users\/1"}],"replies":[{"embeddable":true,"href":"https:\/\/dragoiuelectric.ro\/index.php\/wp-json\/wp\/v2\/comments?post=1461"}],"version-history":[{"count":17,"href":"https:\/\/dragoiuelectric.ro\/index.php\/wp-json\/wp\/v2\/pages\/1461\/revisions"}],"predecessor-version":[{"id":1772,"href":"https:\/\/dragoiuelectric.ro\/index.php\/wp-json\/wp\/v2\/pages\/1461\/revisions\/1772"}],"wp:attachment":[{"href":"https:\/\/dragoiuelectric.ro\/index.php\/wp-json\/wp\/v2\/media?parent=1461"}],"curies":[{"name":"wp","href":"https:\/\/api.w.org\/{rel}","templated":true}]}}